{"id":67,"date":"2023-05-28T20:18:12","date_gmt":"2023-05-28T20:18:12","guid":{"rendered":"https:\/\/ursulinenkongregation.de\/?page_id=67"},"modified":"2023-05-29T14:46:54","modified_gmt":"2023-05-29T14:46:54","slug":"angelaschwestern","status":"publish","type":"page","link":"https:\/\/ursulinenkongregation.de\/?page_id=67","title":{"rendered":"Angelaschwestern"},"content":{"rendered":"\n<p>Den Ursulinen ist ein Angelakreis angeschlossen, der interessierten Frauen offensteht, die ihr Leben nach dem Evangelium und im Geiste der Hl. Angela gestalten wollen. Corona bedingt und durch die Flut im Ahrtal konnten wir uns l\u00e4ngere Zeit nicht sehen. Wir treffen uns nun wieder in unregelm\u00e4\u00dfigen Abst\u00e4nden zum Gebet, Gedankenaustausch und Gespr\u00e4chen<\/p>\n\n\n\n<p>Ansprechpartnerin ist Schwester Roswitha Maria Schmitz, Ursulinenkloster Ahtrweiler, Tel.01781871420<\/p>\n\n\n\n<p>Email: sr.roswitha-maria@ursulinen-calvarienberg.de<\/p>\n\n\n\n<figure class=\"wp-block-gallery has-nested-images columns-default is-cropped wp-block-gallery-1 is-layout-flex wp-block-gallery-is-layout-flex\">\n<figure class=\"wp-block-image size-large\"><img loading=\"lazy\" decoding=\"async\" width=\"1024\" height=\"768\" data-id=\"113\" src=\"https:\/\/ursulinenkongregation.de\/wp-content\/uploads\/2023\/05\/wp-16853715265186792203853904691824-1024x768.jpg\" alt=\"\" class=\"wp-image-113\" srcset=\"https:\/\/ursulinenkongregation.de\/wp-content\/uploads\/2023\/05\/wp-16853715265186792203853904691824-1024x768.jpg 1024w, https:\/\/ursulinenkongregation.de\/wp-content\/uploads\/2023\/05\/wp-16853715265186792203853904691824-300x225.jpg 300w, https:\/\/ursulinenkongregation.de\/wp-content\/uploads\/2023\/05\/wp-16853715265186792203853904691824-768x576.jpg 768w, https:\/\/ursulinenkongregation.de\/wp-content\/uploads\/2023\/05\/wp-16853715265186792203853904691824-1536x1152.jpg 1536w, https:\/\/ursulinenkongregation.de\/wp-content\/uploads\/2023\/05\/wp-16853715265186792203853904691824-2048x1536.jpg 2048w, https:\/\/ursulinenkongregation.de\/wp-content\/uploads\/2023\/05\/wp-16853715265186792203853904691824-400x300.jpg 400w\" sizes=\"auto, (max-width: 1024px) 100vw, 1024px\" \/><\/figure>\n\n\n\n<figure class=\"wp-block-image size-large\"><img loading=\"lazy\" decoding=\"async\" width=\"768\" height=\"1024\" data-id=\"114\" src=\"https:\/\/ursulinenkongregation.de\/wp-content\/uploads\/2023\/05\/wp-1685371527427106870426362498632-768x1024.jpg\" alt=\"\" class=\"wp-image-114\" srcset=\"https:\/\/ursulinenkongregation.de\/wp-content\/uploads\/2023\/05\/wp-1685371527427106870426362498632-768x1024.jpg 768w, https:\/\/ursulinenkongregation.de\/wp-content\/uploads\/2023\/05\/wp-1685371527427106870426362498632-225x300.jpg 225w, https:\/\/ursulinenkongregation.de\/wp-content\/uploads\/2023\/05\/wp-1685371527427106870426362498632-1152x1536.jpg 1152w, https:\/\/ursulinenkongregation.de\/wp-content\/uploads\/2023\/05\/wp-1685371527427106870426362498632-1536x2048.jpg 1536w, https:\/\/ursulinenkongregation.de\/wp-content\/uploads\/2023\/05\/wp-1685371527427106870426362498632-scaled.jpg 1920w\" sizes=\"auto, (max-width: 768px) 100vw, 768px\" \/><\/figure>\n\n\n\n<figure class=\"wp-block-image size-large\"><img loading=\"lazy\" decoding=\"async\" width=\"1024\" height=\"768\" data-id=\"112\" src=\"https:\/\/ursulinenkongregation.de\/wp-content\/uploads\/2023\/05\/wp-16853715270437202088214980865724-1024x768.jpg\" alt=\"\" class=\"wp-image-112\" srcset=\"https:\/\/ursulinenkongregation.de\/wp-content\/uploads\/2023\/05\/wp-16853715270437202088214980865724-1024x768.jpg 1024w, https:\/\/ursulinenkongregation.de\/wp-content\/uploads\/2023\/05\/wp-16853715270437202088214980865724-300x225.jpg 300w, https:\/\/ursulinenkongregation.de\/wp-content\/uploads\/2023\/05\/wp-16853715270437202088214980865724-768x576.jpg 768w, https:\/\/ursulinenkongregation.de\/wp-content\/uploads\/2023\/05\/wp-16853715270437202088214980865724-1536x1152.jpg 1536w, https:\/\/ursulinenkongregation.de\/wp-content\/uploads\/2023\/05\/wp-16853715270437202088214980865724-2048x1536.jpg 2048w, https:\/\/ursulinenkongregation.de\/wp-content\/uploads\/2023\/05\/wp-16853715270437202088214980865724-400x300.jpg 400w\" sizes=\"auto, (max-width: 1024px) 100vw, 1024px\" \/><\/figure>\n<\/figure>\n","protected":false},"excerpt":{"rendered":"<p>Den Ursulinen ist ein Angelakreis angeschlossen, der interessierten Frauen offensteht, die ihr Leben nach dem Evangelium und im Geiste der Hl. Angela gestalten wollen. Corona bedingt und durch die Flut im Ahrtal konnten wir uns l\u00e4ngere Zeit nicht sehen. Wir &hellip; <a href=\"https:\/\/ursulinenkongregation.de\/?page_id=67\">Weiterlesen <span class=\"meta-nav\">&rarr;<\/span><\/a><\/p>\n","protected":false},"author":1,"featured_media":0,"parent":0,"menu_order":0,"comment_status":"closed","ping_status":"closed","template":"","meta":{"footnotes":""},"class_list":["post-67","page","type-page","status-publish","hentry"],"_links":{"self":[{"href":"https:\/\/ursulinenkongregation.de\/index.php?rest_route=\/wp\/v2\/pages\/67","targetHints":{"allow":["GET"]}}],"collection":[{"href":"https:\/\/ursulinenkongregation.de\/index.php?rest_route=\/wp\/v2\/pages"}],"about":[{"href":"https:\/\/ursulinenkongregation.de\/index.php?rest_route=\/wp\/v2\/types\/page"}],"author":[{"embeddable":true,"href":"https:\/\/ursulinenkongregation.de\/index.php?rest_route=\/wp\/v2\/users\/1"}],"replies":[{"embeddable":true,"href":"https:\/\/ursulinenkongregation.de\/index.php?rest_route=%2Fwp%2Fv2%2Fcomments&post=67"}],"version-history":[{"count":3,"href":"https:\/\/ursulinenkongregation.de\/index.php?rest_route=\/wp\/v2\/pages\/67\/revisions"}],"predecessor-version":[{"id":115,"href":"https:\/\/ursulinenkongregation.de\/index.php?rest_route=\/wp\/v2\/pages\/67\/revisions\/115"}],"wp:attachment":[{"href":"https:\/\/ursulinenkongregation.de\/index.php?rest_route=%2Fwp%2Fv2%2Fmedia&parent=67"}],"curies":[{"name":"wp","href":"https:\/\/api.w.org\/{rel}","templated":true}]}}