{"id":63,"date":"2023-05-28T20:17:35","date_gmt":"2023-05-28T20:17:35","guid":{"rendered":"https:\/\/ursulinenkongregation.de\/?page_id=63"},"modified":"2025-12-10T09:24:01","modified_gmt":"2025-12-10T09:24:01","slug":"disclaimer","status":"publish","type":"page","link":"https:\/\/ursulinenkongregation.de\/?page_id=63","title":{"rendered":"Disclaimer"},"content":{"rendered":"\n<p>Auf&nbsp;https:\/\/ursulinen-calvarienberg.de und s\u00e4mtlichen anderen Internetseiten der Ursulinenkongregation Calvarienberg Ahrweiler sind Links zu anderen Seiten im Internet gelegt. F\u00fcr all diese Links gilt: Wir m\u00f6chten ausdr\u00fccklich betonen, dass wir keinerlei Einfluss auf die Gestaltung und die Inhalte der gelinkten Seiten haben. Deshalb distanzieren wir uns hiermit ausdr\u00fccklich von allen Inhalten aller gelinkten Seiten auf dieser Homepage. Diese Erkl\u00e4rung gilt f\u00fcr alle auf dieser Homepage angebrachten Links.<\/p>\n\n\n\n<p>Kontakt der Datenschutzaufsicht kann unter info@ursulinen-calvarienberg.de erfragt werden.<\/p>\n\n\n\n<p><\/p>\n","protected":false},"excerpt":{"rendered":"<p>Auf&nbsp;https:\/\/ursulinen-calvarienberg.de und s\u00e4mtlichen anderen Internetseiten der Ursulinenkongregation Calvarienberg Ahrweiler sind Links zu anderen Seiten im Internet gelegt. F\u00fcr all diese Links gilt: Wir m\u00f6chten ausdr\u00fccklich betonen, dass wir keinerlei Einfluss auf die Gestaltung und die Inhalte der gelinkten Seiten haben. &hellip; <a href=\"https:\/\/ursulinenkongregation.de\/?page_id=63\">Weiterlesen <span class=\"meta-nav\">&rarr;<\/span><\/a><\/p>\n","protected":false},"author":1,"featured_media":0,"parent":0,"menu_order":0,"comment_status":"closed","ping_status":"closed","template":"","meta":{"footnotes":""},"class_list":["post-63","page","type-page","status-publish","hentry"],"_links":{"self":[{"href":"https:\/\/ursulinenkongregation.de\/index.php?rest_route=\/wp\/v2\/pages\/63","targetHints":{"allow":["GET"]}}],"collection":[{"href":"https:\/\/ursulinenkongregation.de\/index.php?rest_route=\/wp\/v2\/pages"}],"about":[{"href":"https:\/\/ursulinenkongregation.de\/index.php?rest_route=\/wp\/v2\/types\/page"}],"author":[{"embeddable":true,"href":"https:\/\/ursulinenkongregation.de\/index.php?rest_route=\/wp\/v2\/users\/1"}],"replies":[{"embeddable":true,"href":"https:\/\/ursulinenkongregation.de\/index.php?rest_route=%2Fwp%2Fv2%2Fcomments&post=63"}],"version-history":[{"count":4,"href":"https:\/\/ursulinenkongregation.de\/index.php?rest_route=\/wp\/v2\/pages\/63\/revisions"}],"predecessor-version":[{"id":271,"href":"https:\/\/ursulinenkongregation.de\/index.php?rest_route=\/wp\/v2\/pages\/63\/revisions\/271"}],"wp:attachment":[{"href":"https:\/\/ursulinenkongregation.de\/index.php?rest_route=%2Fwp%2Fv2%2Fmedia&parent=63"}],"curies":[{"name":"wp","href":"https:\/\/api.w.org\/{rel}","templated":true}]}}