{"id":61,"date":"2023-05-28T20:17:11","date_gmt":"2023-05-28T20:17:11","guid":{"rendered":"https:\/\/ursulinenkongregation.de\/?page_id=61"},"modified":"2023-08-16T07:16:53","modified_gmt":"2023-08-16T07:16:53","slug":"impressum","status":"publish","type":"page","link":"https:\/\/ursulinenkongregation.de\/?page_id=61","title":{"rendered":"Impressum"},"content":{"rendered":"\n<p>Ursulinenkongregation Calvarienberg Ahrweiler e.V<\/p>\n\n\n\n<p>Sr. Roswitha Maria Schmitz<\/p>\n\n\n\n<p>Bernhardstr. 24<\/p>\n\n\n\n<p>54295 Trier<\/p>\n\n\n\n<figure class=\"wp-block-table\"><table><tbody><tr><td>Telefon<\/td><td>01781871420<\/td><\/tr><\/tbody><\/table><\/figure>\n\n\n\n<p>Wittlich VR 41399 , Ust-Id.Nr. 01\/660\/1008\/9<\/p>\n\n\n\n<p>E-mail: info@ursulinen-calvarienberg.de<\/p>\n\n\n\n<p>Inhaltlich Verantwortlicher gem\u00e4\u00df \u00a7 10 Absatz 3 MDStV:<\/p>\n\n\n\n<p>Sr. Roswitha M. Schmitz (webmaster)<\/p>\n\n\n\n<p>Anschrift<\/p>\n\n\n\n<p>Walporzheimer Stra\u00dfe 55<\/p>\n\n\n\n<p>53474 Ahrweiler<\/p>\n\n\n\n<p>Tel. 02641\/8299015<\/p>\n\n\n\n<p>Haftungshinweis:<\/p>\n\n\n\n<p>Trotz sorgf\u00e4ltiger inhaltlicher Kontrolle \u00fcbernehmen wir keine Haftung f\u00fcr die Inhalte externer Links. F\u00fcr den Inhalt der verlinkten Seiten sind ausschlie\u00dflich deren Betreiber verantwo<\/p>\n","protected":false},"excerpt":{"rendered":"<p>Ursulinenkongregation Calvarienberg Ahrweiler e.V Sr. Roswitha Maria Schmitz Bernhardstr. 24 54295 Trier Telefon 01781871420 Wittlich VR 41399 , Ust-Id.Nr. 01\/660\/1008\/9 E-mail: info@ursulinen-calvarienberg.de Inhaltlich Verantwortlicher gem\u00e4\u00df \u00a7 10 Absatz 3 MDStV: Sr. Roswitha M. Schmitz (webmaster) Anschrift Walporzheimer Stra\u00dfe 55 53474 &hellip; <a href=\"https:\/\/ursulinenkongregation.de\/?page_id=61\">Weiterlesen <span class=\"meta-nav\">&rarr;<\/span><\/a><\/p>\n","protected":false},"author":1,"featured_media":0,"parent":0,"menu_order":0,"comment_status":"closed","ping_status":"closed","template":"","meta":{"footnotes":""},"class_list":["post-61","page","type-page","status-publish","hentry"],"_links":{"self":[{"href":"https:\/\/ursulinenkongregation.de\/index.php?rest_route=\/wp\/v2\/pages\/61","targetHints":{"allow":["GET"]}}],"collection":[{"href":"https:\/\/ursulinenkongregation.de\/index.php?rest_route=\/wp\/v2\/pages"}],"about":[{"href":"https:\/\/ursulinenkongregation.de\/index.php?rest_route=\/wp\/v2\/types\/page"}],"author":[{"embeddable":true,"href":"https:\/\/ursulinenkongregation.de\/index.php?rest_route=\/wp\/v2\/users\/1"}],"replies":[{"embeddable":true,"href":"https:\/\/ursulinenkongregation.de\/index.php?rest_route=%2Fwp%2Fv2%2Fcomments&post=61"}],"version-history":[{"count":2,"href":"https:\/\/ursulinenkongregation.de\/index.php?rest_route=\/wp\/v2\/pages\/61\/revisions"}],"predecessor-version":[{"id":158,"href":"https:\/\/ursulinenkongregation.de\/index.php?rest_route=\/wp\/v2\/pages\/61\/revisions\/158"}],"wp:attachment":[{"href":"https:\/\/ursulinenkongregation.de\/index.php?rest_route=%2Fwp%2Fv2%2Fmedia&parent=61"}],"curies":[{"name":"wp","href":"https:\/\/api.w.org\/{rel}","templated":true}]}}