{"id":244,"date":"2024-10-23T20:21:48","date_gmt":"2024-10-23T20:21:48","guid":{"rendered":"https:\/\/ursulinenkongregation.de\/?page_id=244"},"modified":"2024-10-23T20:23:18","modified_gmt":"2024-10-23T20:23:18","slug":"geistliche-begleitung","status":"publish","type":"page","link":"https:\/\/ursulinenkongregation.de\/?page_id=244","title":{"rendered":"Geistliche Begleitung"},"content":{"rendered":"\n<p><strong>Was ist Geistliche Begleitung?<\/strong><\/p>\n\n\n\n<p><strong>Geistliche Begleitung <\/strong>ist ein Dienst der Kirche am einzelnen Menschen. Sie hilft, dass ein Christ in seiner Beziehung zu Gott wachsen kann und unterst\u00fctzt ihn auf seinem Lebensweg. Alle Themen und Fragen, die damit zusammenh\u00e4ngen, k\u00f6nnen in der Geistlichen Begleitung zur Sprache kommen.<\/p>\n\n\n\n<p>Ich gehe gerne mit Ihnen diesen Weg (in Pr\u00e4zens, telefonisch oder digital)<\/p>\n\n\n\n<figure class=\"wp-block-image size-full is-resized\"><img loading=\"lazy\" decoding=\"async\" width=\"165\" height=\"266\" src=\"https:\/\/ursulinenkongregation.de\/wp-content\/uploads\/2023\/05\/img-20220422-wa00014163574518936731000.jpg\" alt=\"\" class=\"wp-image-12\" style=\"width:124px;height:auto\"\/><\/figure>\n\n\n\n<p>Sr. Roswitha Maria Schmitz<\/p>\n\n\n\n<p>sr.roswitha-maria@ursulinen-calvarienberg.de <\/p>\n\n\n\n<p>01781871420<\/p>\n\n\n\n<p>Auf Anfrage begleite ich auch Exerzitien.<\/p>\n\n\n\n<p>Verschwiegenheit und Diskretion werden garantiert. So kann eine Atmosph\u00e4re des Vertrauens entstehen.&nbsp;<\/p>\n\n\n\n<p>Herzliche Einladung!&nbsp;<\/p>\n\n\n\n<p>Weitere Informationen gibt es auch unter <a href=\"http:\/\/www.geistlichleben.de\">Geistlich leben Bistum Trier<\/a><\/p>\n","protected":false},"excerpt":{"rendered":"<p>Was ist Geistliche Begleitung? Geistliche Begleitung ist ein Dienst der Kirche am einzelnen Menschen. Sie hilft, dass ein Christ in seiner Beziehung zu Gott wachsen kann und unterst\u00fctzt ihn auf seinem Lebensweg. Alle Themen und Fragen, die damit zusammenh\u00e4ngen, k\u00f6nnen &hellip; <a href=\"https:\/\/ursulinenkongregation.de\/?page_id=244\">Weiterlesen <span class=\"meta-nav\">&rarr;<\/span><\/a><\/p>\n","protected":false},"author":1,"featured_media":0,"parent":0,"menu_order":0,"comment_status":"closed","ping_status":"closed","template":"","meta":{"footnotes":""},"class_list":["post-244","page","type-page","status-publish","hentry"],"_links":{"self":[{"href":"https:\/\/ursulinenkongregation.de\/index.php?rest_route=\/wp\/v2\/pages\/244","targetHints":{"allow":["GET"]}}],"collection":[{"href":"https:\/\/ursulinenkongregation.de\/index.php?rest_route=\/wp\/v2\/pages"}],"about":[{"href":"https:\/\/ursulinenkongregation.de\/index.php?rest_route=\/wp\/v2\/types\/page"}],"author":[{"embeddable":true,"href":"https:\/\/ursulinenkongregation.de\/index.php?rest_route=\/wp\/v2\/users\/1"}],"replies":[{"embeddable":true,"href":"https:\/\/ursulinenkongregation.de\/index.php?rest_route=%2Fwp%2Fv2%2Fcomments&post=244"}],"version-history":[{"count":2,"href":"https:\/\/ursulinenkongregation.de\/index.php?rest_route=\/wp\/v2\/pages\/244\/revisions"}],"predecessor-version":[{"id":247,"href":"https:\/\/ursulinenkongregation.de\/index.php?rest_route=\/wp\/v2\/pages\/244\/revisions\/247"}],"wp:attachment":[{"href":"https:\/\/ursulinenkongregation.de\/index.php?rest_route=%2Fwp%2Fv2%2Fmedia&parent=244"}],"curies":[{"name":"wp","href":"https:\/\/api.w.org\/{rel}","templated":true}]}}